{"id":273,"date":"2014-05-08T14:24:54","date_gmt":"2014-05-08T13:24:54","guid":{"rendered":"http:\/\/democrasite.com\/soliane\/?page_id=273"},"modified":"2014-06-18T15:35:54","modified_gmt":"2014-06-18T14:35:54","slug":"galeries","status":"publish","type":"page","link":"https:\/\/democrasite.com\/soliane\/galeries\/","title":{"rendered":"Galeries"},"content":{"rendered":"<p><a href=\"https:\/\/www.flickr.com\/photos\/solar-soliane\/collections\/\" target=\"_blank\"><img loading=\"lazy\" decoding=\"async\" class=\" wp-image-1938 alignright\" style=\"border-width: 2px;border-color: black;border-style: solid\" alt=\"Bandeau Solar\" src=\"https:\/\/trans.democrasite.com\/soliane\/files\/2014\/05\/Bandeau-Solar.jpg\" width=\"122\" height=\"61\" srcset=\"https:\/\/democrasite.com\/soliane\/files\/2014\/05\/Bandeau-Solar.jpg 567w, https:\/\/democrasite.com\/soliane\/files\/2014\/05\/Bandeau-Solar-300x149.jpg 300w, https:\/\/democrasite.com\/soliane\/files\/2014\/05\/Bandeau-Solar-220x109.jpg 220w\" sizes=\"auto, (max-width: 122px) 100vw, 122px\" \/><\/a><a href=\"https:\/\/www.flickr.com\/photos\/solar-soliane\/collections\/\" target=\"_blank\">TOUTES LES GALERIES<\/a><\/p>\n<p><strong>C&rsquo;est l&rsquo;ensemble de mes galeries sur Flickr\u00a0<\/strong><\/p>\n<p>&nbsp;<\/p>\n<p style=\"text-align: center\"><img loading=\"lazy\" decoding=\"async\" class=\"size-full wp-image-1268 aligncenter\" alt=\"1255\" src=\"https:\/\/trans.democrasite.com\/soliane\/files\/2014\/05\/1255.jpg\" width=\"709\" height=\"26\" srcset=\"https:\/\/democrasite.com\/soliane\/files\/2014\/05\/1255.jpg 709w, https:\/\/democrasite.com\/soliane\/files\/2014\/05\/1255-300x11.jpg 300w, https:\/\/democrasite.com\/soliane\/files\/2014\/05\/1255-220x8.jpg 220w\" sizes=\"auto, (max-width: 709px) 100vw, 709px\" \/><\/p>\n<p><a title=\"Galerie SOLAR SOLIANE\" href=\"https:\/\/www.flickr.com\/photos\/124213509@N07\/collections\/72157644897071722\/\" target=\"_blank\">GALERIE SOLAR SOLIANE<\/a><\/p>\n<p><a href=\"https:\/\/www.flickr.com\/photos\/solar-soliane\/collections\/72157644897071722\/\" target=\"_blank\"><img loading=\"lazy\" decoding=\"async\" class=\" wp-image-1930 alignright\" style=\"border-width: 2px;border-color: black;border-style: solid\" alt=\"OLYMPUS DIGITAL CAMERA\" src=\"https:\/\/trans.democrasite.com\/soliane\/files\/2014\/05\/3092369.jpg\" width=\"153\" height=\"96\" srcset=\"https:\/\/democrasite.com\/soliane\/files\/2014\/05\/3092369.jpg 709w, https:\/\/democrasite.com\/soliane\/files\/2014\/05\/3092369-300x187.jpg 300w, https:\/\/democrasite.com\/soliane\/files\/2014\/05\/3092369-220x137.jpg 220w\" sizes=\"auto, (max-width: 153px) 100vw, 153px\" \/><\/a><strong>La collection de mes tableaux r\u00e9alis\u00e9s en \u00ab\u00a0Mixed-media\u00a0\u00bb<\/strong><br \/>\n<strong>Collages, pochoirs, tampons,<\/strong><br \/>\n<strong>peintures d\u00e9coratives, multi-techniques.<\/strong><\/p>\n<p style=\"text-align: center\"><img loading=\"lazy\" decoding=\"async\" class=\"alignnone size-full wp-image-1385 aligncenter\" alt=\"1259\" src=\"https:\/\/trans.democrasite.com\/soliane\/files\/2014\/05\/1259.jpg\" width=\"709\" height=\"57\" srcset=\"https:\/\/democrasite.com\/soliane\/files\/2014\/05\/1259.jpg 709w, https:\/\/democrasite.com\/soliane\/files\/2014\/05\/1259-300x24.jpg 300w, https:\/\/democrasite.com\/soliane\/files\/2014\/05\/1259-220x17.jpg 220w\" sizes=\"auto, (max-width: 709px) 100vw, 709px\" \/><\/p>\n<p><a title=\"Galerie N&amp;B\" href=\"https:\/\/www.flickr.com\/photos\/solar-soliane\/collections\/72157644512469837\/\" target=\"_blank\">GALERIE N&amp;B<\/a><a href=\"https:\/\/www.flickr.com\/photos\/solar-soliane\/collections\/72157644512469837\/\" target=\"_blank\"><img loading=\"lazy\" decoding=\"async\" class=\" wp-image-1843 alignright\" style=\"border-width: 2px;border-color: black;border-style: solid\" alt=\"Sans titre-4\" src=\"https:\/\/trans.democrasite.com\/soliane\/files\/2014\/05\/Sans-titre-4.jpg\" width=\"163\" height=\"110\" srcset=\"https:\/\/democrasite.com\/soliane\/files\/2014\/05\/Sans-titre-4.jpg 567w, https:\/\/democrasite.com\/soliane\/files\/2014\/05\/Sans-titre-4-300x202.jpg 300w, https:\/\/democrasite.com\/soliane\/files\/2014\/05\/Sans-titre-4-220x148.jpg 220w\" sizes=\"auto, (max-width: 163px) 100vw, 163px\" \/><\/a><strong><\/strong><\/p>\n<p><strong>La foule, la nuit,<br \/>\n<\/strong><strong>telle que nous la pratiquons<br \/>\n<\/strong><strong>dans les festivals d&rsquo;\u00e9t\u00e9 !<\/strong><\/p>\n<p style=\"text-align: center\"><img loading=\"lazy\" decoding=\"async\" class=\"size-full wp-image-1381 aligncenter\" alt=\"1256\" src=\"https:\/\/trans.democrasite.com\/soliane\/files\/2014\/05\/1256.jpg\" width=\"709\" height=\"76\" srcset=\"https:\/\/democrasite.com\/soliane\/files\/2014\/05\/1256.jpg 709w, https:\/\/democrasite.com\/soliane\/files\/2014\/05\/1256-300x32.jpg 300w, https:\/\/democrasite.com\/soliane\/files\/2014\/05\/1256-220x23.jpg 220w\" sizes=\"auto, (max-width: 709px) 100vw, 709px\" \/><\/p>\n<p><a title=\"Galerie Z\u00e9lliges\" href=\"https:\/\/www.flickr.com\/photos\/solar-soliane\/collections\/72157644872611736\/\" target=\"_blank\">\u00a0GALERIE DES ZELLIGES<\/a><a href=\"https:\/\/www.flickr.com\/photos\/solar-soliane\/collections\/72157644872611736\/\" target=\"_blank\"><img loading=\"lazy\" decoding=\"async\" class=\" wp-image-1360 alignright\" alt=\"46-Quadrature du c\u00f4ne\" src=\"https:\/\/trans.democrasite.com\/soliane\/files\/2014\/05\/46-Quadrature-du-c\u00f4ne.jpg\" width=\"133\" height=\"179\" srcset=\"https:\/\/democrasite.com\/soliane\/files\/2014\/05\/46-Quadrature-du-c\u00f4ne.jpg 283w, https:\/\/democrasite.com\/soliane\/files\/2014\/05\/46-Quadrature-du-c\u00f4ne-220x298.jpg 220w\" sizes=\"auto, (max-width: 133px) 100vw, 133px\" \/><\/a><\/p>\n<p><strong>\u00a0S\u00e9rie de lithographies repr\u00e9sentant \u00ab\u00a0l&rsquo;invasion de l&rsquo;espace\u00a0<\/strong><br \/>\n<strong>par des structures zelligeaire\u00a0\u00bb,\u00a0tir\u00e9es en 9 ou 10 couleurs,\u00a0<\/strong><br \/>\n<strong>en tons directs par la technique de la polychromie isom\u00e8re sur\u00a0<\/strong><br \/>\n<strong>Velin d&rsquo;arches 88 en 125 exemplaires par mod\u00e8le.<\/strong><\/p>\n<p style=\"text-align: center\"><img loading=\"lazy\" decoding=\"async\" class=\"size-full wp-image-1382 aligncenter\" alt=\"1257\" src=\"https:\/\/trans.democrasite.com\/soliane\/files\/2014\/05\/1257.jpg\" width=\"709\" height=\"71\" srcset=\"https:\/\/democrasite.com\/soliane\/files\/2014\/05\/1257.jpg 709w, https:\/\/democrasite.com\/soliane\/files\/2014\/05\/1257-300x30.jpg 300w, https:\/\/democrasite.com\/soliane\/files\/2014\/05\/1257-220x22.jpg 220w\" sizes=\"auto, (max-width: 709px) 100vw, 709px\" \/><\/p>\n<p><a title=\"Galerie Fleuves\" href=\"https:\/\/www.flickr.com\/photos\/solar-soliane\/collections\/72157644927118295\/\" target=\"_blank\">GALERIE DES FLEUVES<\/a><a href=\"https:\/\/www.flickr.com\/photos\/solar-soliane\/collections\/72157644927118295\/\" target=\"_blank\"><img loading=\"lazy\" decoding=\"async\" class=\" wp-image-1847 alignright\" alt=\"33-Curicuriari\" src=\"https:\/\/trans.democrasite.com\/soliane\/files\/2014\/05\/33-Curicuriari.jpg\" width=\"206\" height=\"152\" srcset=\"https:\/\/democrasite.com\/soliane\/files\/2014\/05\/33-Curicuriari.jpg 957w, https:\/\/democrasite.com\/soliane\/files\/2014\/05\/33-Curicuriari-300x221.jpg 300w, https:\/\/democrasite.com\/soliane\/files\/2014\/05\/33-Curicuriari-220x162.jpg 220w\" sizes=\"auto, (max-width: 206px) 100vw, 206px\" \/><\/a><\/p>\n<p><strong>\u00a0S\u00e9rie de lithographies repr\u00e9sentant des\u00a0\u00bbPortraits de Fleuves<\/strong><strong>\u00ab\u00a0,\u00a0tir\u00e9es en 9 ou 10 couleurs,\u00a0<\/strong><strong>en tons directs par la technique de la polychromie isom\u00e8re sur\u00a0<\/strong><br \/>\n<strong>Velin d&rsquo;arches 88 en 125 exemplaires par mod\u00e8le.<\/strong><\/p>\n<p>&nbsp;<\/p>\n<p style=\"text-align: center\"><img loading=\"lazy\" decoding=\"async\" class=\"size-full wp-image-1388 aligncenter\" alt=\"1260\" src=\"https:\/\/trans.democrasite.com\/soliane\/files\/2014\/05\/1260.jpg\" width=\"709\" height=\"57\" srcset=\"https:\/\/democrasite.com\/soliane\/files\/2014\/05\/1260.jpg 709w, https:\/\/democrasite.com\/soliane\/files\/2014\/05\/1260-300x24.jpg 300w, https:\/\/democrasite.com\/soliane\/files\/2014\/05\/1260-220x17.jpg 220w\" sizes=\"auto, (max-width: 709px) 100vw, 709px\" \/><\/p>\n<p><a title=\"Galerie Toiles\" href=\"https:\/\/www.flickr.com\/photos\/solar-soliane\/collections\/72157644512798717\/\" target=\"_blank\">\u00a0GALERIE DES TOILES<\/a><a href=\"https:\/\/www.flickr.com\/photos\/solar-soliane\/collections\/72157644512798717\/\" target=\"_blank\"><img loading=\"lazy\" decoding=\"async\" class=\"wp-image-1830 alignright\" style=\"border-width: 2px;border-color: black;border-style: solid\" alt=\"54Carr\u00e9 d'herbe 1\" src=\"https:\/\/trans.democrasite.com\/soliane\/files\/2014\/05\/54Carr\u00e9-dherbe-1.jpg\" width=\"166\" height=\"149\" srcset=\"https:\/\/democrasite.com\/soliane\/files\/2014\/05\/54Carr\u00e9-dherbe-1.jpg 510w, https:\/\/democrasite.com\/soliane\/files\/2014\/05\/54Carr\u00e9-dherbe-1-300x271.jpg 300w, https:\/\/democrasite.com\/soliane\/files\/2014\/05\/54Carr\u00e9-dherbe-1-220x199.jpg 220w\" sizes=\"auto, (max-width: 166px) 100vw, 166px\" \/><\/a><\/p>\n<p><strong>S\u00e9rie de toiles ex\u00e9cut\u00e9es en grande partie \u00e0 l&rsquo;\u00e9poque de l&rsquo;atelier \u00ab\u00a0Verri\u00e8re\u00a0\u00bb que je partageais avec les peintres Monnier et Solv\u00e8s.<\/strong><\/p>\n<p>&nbsp;<\/p>\n<p>&nbsp;<\/p>\n<p>&nbsp;<\/p>\n<p style=\"text-align: center\"><img loading=\"lazy\" decoding=\"async\" class=\"size-full wp-image-1390 aligncenter\" alt=\"1262\" src=\"https:\/\/trans.democrasite.com\/soliane\/files\/2014\/05\/1262.jpg\" width=\"709\" height=\"57\" srcset=\"https:\/\/democrasite.com\/soliane\/files\/2014\/05\/1262.jpg 709w, https:\/\/democrasite.com\/soliane\/files\/2014\/05\/1262-300x24.jpg 300w, https:\/\/democrasite.com\/soliane\/files\/2014\/05\/1262-220x17.jpg 220w\" sizes=\"auto, (max-width: 709px) 100vw, 709px\" \/><\/p>\n<p><a title=\"Galerie phototypes\" href=\"https:\/\/www.flickr.com\/photos\/124213509@N07\/collections\/72157644922165015\/\" target=\"_blank\">GALERIE DES PHOTOTYPES<\/a><a href=\"https:\/\/www.flickr.com\/photos\/124213509@N07\/collections\/72157644922165015\/\" target=\"_blank\"><img loading=\"lazy\" decoding=\"async\" class=\" wp-image-1869 alignright\" style=\"border-width: 2px;border-color: black;border-style: solid\" alt=\"C\u00e9sar A\" src=\"https:\/\/trans.democrasite.com\/soliane\/files\/2014\/05\/C\u00e9sar-A.jpg\" width=\"143\" height=\"184\" srcset=\"https:\/\/democrasite.com\/soliane\/files\/2014\/05\/C\u00e9sar-A.jpg 399w, https:\/\/democrasite.com\/soliane\/files\/2014\/05\/C\u00e9sar-A-233x300.jpg 233w, https:\/\/democrasite.com\/soliane\/files\/2014\/05\/C\u00e9sar-A-220x282.jpg 220w\" sizes=\"auto, (max-width: 143px) 100vw, 143px\" \/><\/a><\/p>\n<p><strong>\u00a0S\u00e9rie de quatre fois cinq mod\u00e8les de nues r\u00e9alis\u00e9 en collectif avec les photographes Joubin, Berquet, Matussi\u00e8re, Patrick.<\/strong><br \/>\n<strong>Plus une s\u00e9rie de portrait r\u00e9alis\u00e9 par Joubin.<\/strong><br \/>\n<strong>Tirages en gravure spychom\u00e9trique, 5 \u00e0 6 couleurs sur <\/strong><br \/>\n<strong>velin d&rsquo;Arches 88 en 125 exemplaires par mod\u00e8le.<\/strong><\/p>\n<p style=\"text-align: center\"><img loading=\"lazy\" decoding=\"async\" class=\"size-full wp-image-1392 aligncenter\" alt=\"1261\" src=\"https:\/\/trans.democrasite.com\/soliane\/files\/2014\/05\/1261.jpg\" width=\"709\" height=\"57\" srcset=\"https:\/\/democrasite.com\/soliane\/files\/2014\/05\/1261.jpg 709w, https:\/\/democrasite.com\/soliane\/files\/2014\/05\/1261-300x24.jpg 300w, https:\/\/democrasite.com\/soliane\/files\/2014\/05\/1261-220x17.jpg 220w\" sizes=\"auto, (max-width: 709px) 100vw, 709px\" \/><\/p>\n<p><a href=\"https:\/\/www.flickr.com\/photos\/solar-soliane\/collections\/72157644513177608\/\" target=\"_blank\">GALERIE DES FIGURES\u00a0<\/a><a href=\"https:\/\/www.flickr.com\/photos\/solar-soliane\/collections\/72157644513177608\/\" target=\"_blank\"><img loading=\"lazy\" decoding=\"async\" class=\" wp-image-1853 alignright\" style=\"border-width: 2px;border-color: black;border-style: solid\" alt=\"Masque d'ombres\" src=\"https:\/\/trans.democrasite.com\/soliane\/files\/2014\/05\/Masque-dombres.jpg\" width=\"170\" height=\"122\" srcset=\"https:\/\/democrasite.com\/soliane\/files\/2014\/05\/Masque-dombres.jpg 283w, https:\/\/democrasite.com\/soliane\/files\/2014\/05\/Masque-dombres-220x157.jpg 220w\" sizes=\"auto, (max-width: 170px) 100vw, 170px\" \/><\/a><\/p>\n<p><strong>\u00a0S\u00e9rie de lithographies repr\u00e9sentant des visages m\u00eal\u00e9s, \u00e9x\u00e9cut\u00e9es en gravure exp\u00e9rimentale de 6 \u00e0 7 couleurs en petit format.<\/strong><\/p>\n<p>&nbsp;<\/p>\n<p>&nbsp;<\/p>\n<p>&nbsp;<\/p>\n<p>&nbsp;<\/p>\n<p>&nbsp;<\/p>\n<p>&nbsp;<\/p>\n<p>&nbsp;<\/p>\n","protected":false},"excerpt":{"rendered":"<p>TOUTES LES GALERIES C&rsquo;est l&rsquo;ensemble de mes galeries sur Flickr\u00a0 &nbsp; GALERIE SOLAR SOLIANE La collection de mes tableaux r\u00e9alis\u00e9s en \u00ab\u00a0Mixed-media\u00a0\u00bb Collages, pochoirs, tampons, peintures d\u00e9coratives, multi-techniques. GALERIE N&amp;B La foule, la nuit, telle que nous la pratiquons dans les festivals d&rsquo;\u00e9t\u00e9 ! \u00a0GALERIE DES ZELLIGES \u00a0S\u00e9rie de lithographies repr\u00e9sentant \u00ab\u00a0l&rsquo;invasion de l&rsquo;espace\u00a0 par [&hellip;]<\/p>\n","protected":false},"author":30,"featured_media":0,"parent":0,"menu_order":1,"comment_status":"closed","ping_status":"closed","template":"","meta":{"footnotes":""},"class_list":["post-273","page","type-page","status-publish","hentry"],"_links":{"self":[{"href":"https:\/\/democrasite.com\/soliane\/wp-json\/wp\/v2\/pages\/273","targetHints":{"allow":["GET"]}}],"collection":[{"href":"https:\/\/democrasite.com\/soliane\/wp-json\/wp\/v2\/pages"}],"about":[{"href":"https:\/\/democrasite.com\/soliane\/wp-json\/wp\/v2\/types\/page"}],"author":[{"embeddable":true,"href":"https:\/\/democrasite.com\/soliane\/wp-json\/wp\/v2\/users\/30"}],"replies":[{"embeddable":true,"href":"https:\/\/democrasite.com\/soliane\/wp-json\/wp\/v2\/comments?post=273"}],"version-history":[{"count":0,"href":"https:\/\/democrasite.com\/soliane\/wp-json\/wp\/v2\/pages\/273\/revisions"}],"wp:attachment":[{"href":"https:\/\/democrasite.com\/soliane\/wp-json\/wp\/v2\/media?parent=273"}],"curies":[{"name":"wp","href":"https:\/\/api.w.org\/{rel}","templated":true}]}}