{"id":2838,"date":"2014-12-02T10:16:15","date_gmt":"2014-12-02T09:16:15","guid":{"rendered":"http:\/\/democrasite.com\/soliane\/?page_id=2838"},"modified":"2015-01-18T11:03:02","modified_gmt":"2015-01-18T10:03:02","slug":"accueil","status":"publish","type":"page","link":"https:\/\/democrasite.com\/soliane\/","title":{"rendered":"Accueil"},"content":{"rendered":"<div id='gallery-1' class='gallery galleryid-2838 gallery-columns-4 gallery-size-thumbnail'><figure class='gallery-item'>\n\t\t\t<div class='gallery-icon landscape'>\n\t\t\t\t<img loading=\"lazy\" decoding=\"async\" width=\"150\" height=\"150\" src=\"https:\/\/democrasite.com\/soliane\/files\/2014\/12\/54Sans-titre-314-150x150.jpg\" class=\"attachment-thumbnail size-thumbnail\" alt=\"\" srcset=\"https:\/\/democrasite.com\/soliane\/files\/2014\/12\/54Sans-titre-314-150x150.jpg 150w, https:\/\/democrasite.com\/soliane\/files\/2014\/12\/54Sans-titre-314-100x100.jpg 100w, https:\/\/democrasite.com\/soliane\/files\/2014\/12\/54Sans-titre-314-50x50.jpg 50w\" sizes=\"auto, (max-width: 150px) 100vw, 150px\" \/>\n\t\t\t<\/div><\/figure><figure class='gallery-item'>\n\t\t\t<div class='gallery-icon landscape'>\n\t\t\t\t<img loading=\"lazy\" decoding=\"async\" width=\"150\" height=\"150\" src=\"https:\/\/democrasite.com\/soliane\/files\/2014\/12\/5454Sans-titre-306-150x150.jpg\" class=\"attachment-thumbnail size-thumbnail\" alt=\"\" srcset=\"https:\/\/democrasite.com\/soliane\/files\/2014\/12\/5454Sans-titre-306-150x150.jpg 150w, https:\/\/democrasite.com\/soliane\/files\/2014\/12\/5454Sans-titre-306-100x100.jpg 100w, https:\/\/democrasite.com\/soliane\/files\/2014\/12\/5454Sans-titre-306-50x50.jpg 50w\" sizes=\"auto, (max-width: 150px) 100vw, 150px\" \/>\n\t\t\t<\/div><\/figure><figure class='gallery-item'>\n\t\t\t<div class='gallery-icon landscape'>\n\t\t\t\t<img loading=\"lazy\" decoding=\"async\" width=\"150\" height=\"150\" src=\"https:\/\/democrasite.com\/soliane\/files\/2014\/12\/25-Indus-150x150.jpg\" class=\"attachment-thumbnail size-thumbnail\" alt=\"\" srcset=\"https:\/\/democrasite.com\/soliane\/files\/2014\/12\/25-Indus-150x150.jpg 150w, https:\/\/democrasite.com\/soliane\/files\/2014\/12\/25-Indus-100x100.jpg 100w, https:\/\/democrasite.com\/soliane\/files\/2014\/12\/25-Indus-50x50.jpg 50w\" sizes=\"auto, (max-width: 150px) 100vw, 150px\" \/>\n\t\t\t<\/div><\/figure><figure class='gallery-item'>\n\t\t\t<div class='gallery-icon portrait'>\n\t\t\t\t<img loading=\"lazy\" decoding=\"async\" width=\"150\" height=\"150\" src=\"https:\/\/democrasite.com\/soliane\/files\/2014\/05\/2154Sans-titre-305-150x150.jpg\" class=\"attachment-thumbnail size-thumbnail\" alt=\"\" srcset=\"https:\/\/democrasite.com\/soliane\/files\/2014\/05\/2154Sans-titre-305-150x150.jpg 150w, https:\/\/democrasite.com\/soliane\/files\/2014\/05\/2154Sans-titre-305-100x100.jpg 100w, https:\/\/democrasite.com\/soliane\/files\/2014\/05\/2154Sans-titre-305-50x50.jpg 50w\" sizes=\"auto, (max-width: 150px) 100vw, 150px\" \/>\n\t\t\t<\/div><\/figure><figure class='gallery-item'>\n\t\t\t<div class='gallery-icon landscape'>\n\t\t\t\t<img loading=\"lazy\" decoding=\"async\" width=\"150\" height=\"150\" src=\"https:\/\/democrasite.com\/soliane\/files\/2014\/05\/3092369-150x150.jpg\" class=\"attachment-thumbnail size-thumbnail\" alt=\"\" srcset=\"https:\/\/democrasite.com\/soliane\/files\/2014\/05\/3092369-150x150.jpg 150w, https:\/\/democrasite.com\/soliane\/files\/2014\/05\/3092369-100x100.jpg 100w, https:\/\/democrasite.com\/soliane\/files\/2014\/05\/3092369-50x50.jpg 50w\" sizes=\"auto, (max-width: 150px) 100vw, 150px\" \/>\n\t\t\t<\/div><\/figure><figure class='gallery-item'>\n\t\t\t<div class='gallery-icon portrait'>\n\t\t\t\t<img loading=\"lazy\" decoding=\"async\" width=\"150\" height=\"150\" src=\"https:\/\/democrasite.com\/soliane\/files\/2014\/05\/46-Quadrature-du-c\u00f4ne-150x150.jpg\" class=\"attachment-thumbnail size-thumbnail\" alt=\"\" srcset=\"https:\/\/democrasite.com\/soliane\/files\/2014\/05\/46-Quadrature-du-c\u00f4ne-150x150.jpg 150w, https:\/\/democrasite.com\/soliane\/files\/2014\/05\/46-Quadrature-du-c\u00f4ne-100x100.jpg 100w, https:\/\/democrasite.com\/soliane\/files\/2014\/05\/46-Quadrature-du-c\u00f4ne-50x50.jpg 50w\" sizes=\"auto, (max-width: 150px) 100vw, 150px\" \/>\n\t\t\t<\/div><\/figure><figure class='gallery-item'>\n\t\t\t<div class='gallery-icon landscape'>\n\t\t\t\t<img loading=\"lazy\" decoding=\"async\" width=\"150\" height=\"150\" src=\"https:\/\/democrasite.com\/soliane\/files\/2014\/05\/Masque-dombres-150x150.jpg\" class=\"attachment-thumbnail size-thumbnail\" alt=\"\" srcset=\"https:\/\/democrasite.com\/soliane\/files\/2014\/05\/Masque-dombres-150x150.jpg 150w, https:\/\/democrasite.com\/soliane\/files\/2014\/05\/Masque-dombres-100x100.jpg 100w, https:\/\/democrasite.com\/soliane\/files\/2014\/05\/Masque-dombres-50x50.jpg 50w\" sizes=\"auto, (max-width: 150px) 100vw, 150px\" \/>\n\t\t\t<\/div><\/figure><figure class='gallery-item'>\n\t\t\t<div class='gallery-icon landscape'>\n\t\t\t\t<img loading=\"lazy\" decoding=\"async\" width=\"150\" height=\"150\" src=\"https:\/\/democrasite.com\/soliane\/files\/2014\/05\/54Carr\u00e9-dherbe-1-150x150.jpg\" class=\"attachment-thumbnail size-thumbnail\" alt=\"\" srcset=\"https:\/\/democrasite.com\/soliane\/files\/2014\/05\/54Carr\u00e9-dherbe-1-150x150.jpg 150w, https:\/\/democrasite.com\/soliane\/files\/2014\/05\/54Carr\u00e9-dherbe-1-100x100.jpg 100w, https:\/\/democrasite.com\/soliane\/files\/2014\/05\/54Carr\u00e9-dherbe-1-50x50.jpg 50w\" sizes=\"auto, (max-width: 150px) 100vw, 150px\" \/>\n\t\t\t<\/div><\/figure>\n\t\t<\/div>\n\n<h4><strong>\u00ab\u00a0SOLIANE\u00a0\u00bb est mon pseudonyme.<\/strong><\/h4>\n<h4><strong>Je suis n\u00e9 au M<\/strong><strong>ans le 24 d\u00e9cembre 1958, sous de bonnes augures, il me semble !<\/strong><\/h4>\n<h4><strong> Ce furent en effet les derni\u00e8res influences du mouvement COBRA :<\/strong><br \/>\n<strong> mouvement que l\u2019on dit d\u2019une libert\u00e9 cr\u00e9atrice passionn\u00e9e et d\u2019une po\u00e9tique r\u00e9put\u00e9e virulente.<\/strong><br \/>\n<strong> Pierre Alechinsky en \u00e9tait un des membres et pour moi une grande source d\u2019inspiration.<\/strong><br \/>\n<strong> Ce fut aussi l\u2019av\u00e8nement de Jasper Johns. Il initia au travers de ses motifs communs, r\u00e9p\u00e9t\u00e9s \u00e0 l\u2019obsession et\u00a0sans limite, la question du signifiant dans la repr\u00e9sentation picturale.<\/strong><br \/>\n<strong> Ce devait \u00eatre un signe comme de bonnes f\u00e9es pench\u00e9es sur mon berceau !<\/strong><br \/>\n<strong> Peut-\u00eatre avaient-elles insufler sur moi deux des r\u00e9f\u00e9rences qui me conduisent dans l\u2019action aujourd\u2019hui.<\/strong><\/h4>\n<h3><strong>Notamment au travers du <span style=\"text-decoration: underline;color: #0000ff\"><em><span style=\"text-decoration: underline\">c<a href=\"http:\/\/www.atelier.solutions\/\" target=\"_blank\"><span style=\"color: #0000ff;text-decoration: underline\">ollectif PHALANST\u00c8RE<\/span><\/a><\/span><\/em><\/span><\/strong><\/h3>\n<h3>\u00a0<strong>Mes galeries:<\/strong><\/h3>\n<h3><em><span style=\"text-decoration: underline\"><span style=\"color: #0000ff;text-decoration: underline\"><strong><a title=\"Galerie SOLAR SOLIANE\" href=\"https:\/\/www.flickr.com\/photos\/124213509@N07\/collections\/72157644897071722\/\" target=\"_blank\"><span style=\"color: #0000ff;text-decoration: underline\">GALERIE SOLAR SOLIANE<\/span><\/a><\/strong><\/span><\/span><\/em><\/h3>\n<h3><strong><span style=\"text-decoration: underline;color: #0000ff\"><em><a title=\"Galerie Toiles\" href=\"https:\/\/www.flickr.com\/photos\/solar-soliane\/collections\/72157644512798717\/\" target=\"_blank\"><span style=\"color: #0000ff;text-decoration: underline\">GALERIE DES TOILES<\/span><\/a><\/em><\/span><\/strong><\/h3>\n<h2><a title=\"Galeries\" href=\"https:\/\/trans.democrasite.com\/soliane\/galeries\/\"><span style=\"color: #0000ff\"><strong><em><span style=\"text-decoration: underline\">Mes autres galeries<\/span><\/em><\/strong><\/span><\/a><\/h2>\n<h3><strong>Mes r\u00e9f\u00e9rencements:<\/strong><\/h3>\n<h3><a href=\"http:\/\/www.artrinet.com\/classification_SOLIANE_4418?l=french\" target=\"_blank\"><strong><span style=\"text-decoration: underline;color: #0000ff\"><em>FICHE ARTRINET.COM<\/em><\/span><\/strong><\/a><\/h3>\n<h3><a href=\"http:\/\/www.presse-estampe.com\/\" target=\"_blank\"><span style=\"color: #0000ff\"><em><span style=\"text-decoration: underline\"><strong>PRESSE-ESTAMPE.COM<\/strong><\/span><\/em><\/span><\/a><\/h3>\n<h3><a href=\"http:\/\/www.portrait-contemporain.com\/\" target=\"_blank\"><span style=\"text-decoration: underline;color: #0000ff\"><em><strong>PORTRAIT-CONTEMPORAIN.COM<\/strong><\/em><\/span><\/a><\/h3>\n<h3><a href=\"http:\/\/www.nature-art-today.com\/\"><span style=\"text-decoration: underline;color: #0000ff\"><em><strong>NATURE-ART-TODAY.COM<\/strong><\/em><\/span><\/a><\/h3>\n<h3><a href=\"http:\/\/www.havalook-art.com\/\" target=\"_blank\"><span style=\"text-decoration: underline;color: #0000ff\"><em><strong>HAVALOOK-ART.COM<\/strong><\/em><\/span><\/a><\/h3>\n<h3><a href=\"http:\/\/www.webdesartistes.com\/\" target=\"_blank\"><span style=\"text-decoration: underline;color: #0000ff\"><em><strong>WEBDESARTISTES.COM<\/strong><\/em><\/span><\/a>\u00a0\u00a0\u00a0\u00a0\u00a0\u00a0\u00a0\u00a0\u00a0\u00a0\u00a0\u00a0\u00a0\u00a0 Revue Artension<\/h3>\n<h3><span style=\"color: #0000ff\"><strong><span style=\"text-decoration: underline\"><em><a href=\"http:\/\/www.decouverte-artistes.com\/\" target=\"_blank\"><span style=\"color: #0000ff;text-decoration: underline\">DECOUVERTE-ARTISTES.COM<\/span><\/a><\/em><\/span><\/strong><\/span><\/h3>\n<h3><a href=\"http:\/\/www.art-architecture.fr\/\" target=\"_blank\"><span style=\"text-decoration: underline;color: #0000ff\"><em><strong>ART-ARCHITECTURE.FR<\/strong><\/em><\/span><\/a><\/h3>\n","protected":false},"excerpt":{"rendered":"<p>\u00ab\u00a0SOLIANE\u00a0\u00bb est mon pseudonyme. Je suis n\u00e9 au Mans le 24 d\u00e9cembre 1958, sous de bonnes augures, il me semble ! Ce furent en effet les derni\u00e8res influences du mouvement COBRA : mouvement que l\u2019on dit d\u2019une libert\u00e9 cr\u00e9atrice passionn\u00e9e et d\u2019une po\u00e9tique r\u00e9put\u00e9e virulente. Pierre Alechinsky en \u00e9tait un des membres et pour moi [&hellip;]<\/p>\n","protected":false},"author":30,"featured_media":2839,"parent":0,"menu_order":0,"comment_status":"closed","ping_status":"closed","template":"page-full-width.php","meta":{"footnotes":""},"class_list":["post-2838","page","type-page","status-publish","has-post-thumbnail","hentry"],"_links":{"self":[{"href":"https:\/\/democrasite.com\/soliane\/wp-json\/wp\/v2\/pages\/2838","targetHints":{"allow":["GET"]}}],"collection":[{"href":"https:\/\/democrasite.com\/soliane\/wp-json\/wp\/v2\/pages"}],"about":[{"href":"https:\/\/democrasite.com\/soliane\/wp-json\/wp\/v2\/types\/page"}],"author":[{"embeddable":true,"href":"https:\/\/democrasite.com\/soliane\/wp-json\/wp\/v2\/users\/30"}],"replies":[{"embeddable":true,"href":"https:\/\/democrasite.com\/soliane\/wp-json\/wp\/v2\/comments?post=2838"}],"version-history":[{"count":0,"href":"https:\/\/democrasite.com\/soliane\/wp-json\/wp\/v2\/pages\/2838\/revisions"}],"wp:featuredmedia":[{"embeddable":true,"href":"https:\/\/democrasite.com\/soliane\/wp-json\/wp\/v2\/media\/2839"}],"wp:attachment":[{"href":"https:\/\/democrasite.com\/soliane\/wp-json\/wp\/v2\/media?parent=2838"}],"curies":[{"name":"wp","href":"https:\/\/api.w.org\/{rel}","templated":true}]}}